{"id":497,"date":"2025-10-17T10:42:07","date_gmt":"2025-10-17T08:42:07","guid":{"rendered":"https:\/\/mazurskaprzyroda.pl\/?page_id=497"},"modified":"2025-10-21T09:37:41","modified_gmt":"2025-10-21T07:37:41","slug":"budki-legowe-i-karmniki","status":"publish","type":"page","link":"https:\/\/mazurskaprzyroda.pl\/?page_id=497","title":{"rendered":"Budki l\u0119gowe i karmniki"},"content":{"rendered":"\n<p>Wyj\u0105tkowe warsztaty, podczas kt\u00f3rych uczestnicy b\u0119d\u0105 mogli w\u0142asnor\u0119cznie budowa\u0107 budki l\u0119gowe i karmniki dla ptak\u00f3w. To doskona\u0142a okazja, by zadba\u0107 o lokaln\u0105 przyrod\u0119 i stworzy\u0107 bezpieczne miejsca dla ptasich s\u0105siad\u00f3w.<\/p>\n\n\n\n<p>Podczas zaj\u0119\u0107 uczestnicy nie tylko wykonaj\u0105 swoje budki i karmniki, kt\u00f3re zabior\u0105 ze sob\u0105 do ogrodu lub balkonu, ale tak\u017ce zdob\u0119d\u0105 praktyczn\u0105 i teoretyczn\u0105 wiedz\u0119 o opiece nad ptakami, w\u0142a\u015bciwym dokarmianiu oraz gatunkach, kt\u00f3re mog\u0105 skorzysta\u0107 z takiej pomocy.<\/p>\n\n\n\n<p><strong>Warsztaty \u0142\u0105cz\u0105 nauk\u0119 z praktyk\u0105 i s\u0105 \u015bwietn\u0105 okazj\u0105 do aktywnego sp\u0119dzenia czasu dla ca\u0142ych rodzin oraz mi\u0142o\u015bnik\u00f3w przyrody.<\/strong><\/p>\n\n\n\n<figure class=\"wp-block-image size-large\"><img loading=\"lazy\" decoding=\"async\" width=\"1024\" height=\"729\" src=\"https:\/\/mazurskaprzyroda.pl\/wp-content\/uploads\/2025\/10\/486577381_1066416448864092_5352366043679686431_n-1024x729.jpg\" alt=\"\" class=\"wp-image-588\" srcset=\"https:\/\/mazurskaprzyroda.pl\/wp-content\/uploads\/2025\/10\/486577381_1066416448864092_5352366043679686431_n-1024x729.jpg 1024w, https:\/\/mazurskaprzyroda.pl\/wp-content\/uploads\/2025\/10\/486577381_1066416448864092_5352366043679686431_n-300x214.jpg 300w, https:\/\/mazurskaprzyroda.pl\/wp-content\/uploads\/2025\/10\/486577381_1066416448864092_5352366043679686431_n-768x547.jpg 768w, https:\/\/mazurskaprzyroda.pl\/wp-content\/uploads\/2025\/10\/486577381_1066416448864092_5352366043679686431_n-1536x1094.jpg 1536w, https:\/\/mazurskaprzyroda.pl\/wp-content\/uploads\/2025\/10\/486577381_1066416448864092_5352366043679686431_n.jpg 1754w\" sizes=\"auto, (max-width: 767px) 89vw, (max-width: 1000px) 54vw, (max-width: 1071px) 543px, 580px\" \/><\/figure>\n","protected":false},"excerpt":{"rendered":"<p>Wyj\u0105tkowe warsztaty, podczas kt\u00f3rych uczestnicy b\u0119d\u0105 mogli w\u0142asnor\u0119cznie budowa\u0107 budki l\u0119gowe i karmniki dla ptak\u00f3w. To doskona\u0142a okazja, by zadba\u0107 o lokaln\u0105 przyrod\u0119 i stworzy\u0107 bezpieczne miejsca dla ptasich s\u0105siad\u00f3w. Podczas zaj\u0119\u0107 uczestnicy nie tylko wykonaj\u0105 swoje budki i karmniki, kt\u00f3re zabior\u0105 ze sob\u0105 do ogrodu lub balkonu, ale tak\u017ce zdob\u0119d\u0105 praktyczn\u0105 i teoretyczn\u0105 wiedz\u0119 &hellip; <\/p>\n<p class=\"link-more\"><a href=\"https:\/\/mazurskaprzyroda.pl\/?page_id=497\" class=\"more-link\">Czytaj dalej<span class=\"screen-reader-text\"> \u201eBudki l\u0119gowe i karmniki\u201d<\/span><\/a><\/p>\n","protected":false},"author":2,"featured_media":0,"parent":0,"menu_order":0,"comment_status":"closed","ping_status":"closed","template":"","meta":{"footnotes":""},"class_list":["post-497","page","type-page","status-publish","hentry"],"_links":{"self":[{"href":"https:\/\/mazurskaprzyroda.pl\/index.php?rest_route=\/wp\/v2\/pages\/497","targetHints":{"allow":["GET"]}}],"collection":[{"href":"https:\/\/mazurskaprzyroda.pl\/index.php?rest_route=\/wp\/v2\/pages"}],"about":[{"href":"https:\/\/mazurskaprzyroda.pl\/index.php?rest_route=\/wp\/v2\/types\/page"}],"author":[{"embeddable":true,"href":"https:\/\/mazurskaprzyroda.pl\/index.php?rest_route=\/wp\/v2\/users\/2"}],"replies":[{"embeddable":true,"href":"https:\/\/mazurskaprzyroda.pl\/index.php?rest_route=%2Fwp%2Fv2%2Fcomments&post=497"}],"version-history":[{"count":2,"href":"https:\/\/mazurskaprzyroda.pl\/index.php?rest_route=\/wp\/v2\/pages\/497\/revisions"}],"predecessor-version":[{"id":589,"href":"https:\/\/mazurskaprzyroda.pl\/index.php?rest_route=\/wp\/v2\/pages\/497\/revisions\/589"}],"wp:attachment":[{"href":"https:\/\/mazurskaprzyroda.pl\/index.php?rest_route=%2Fwp%2Fv2%2Fmedia&parent=497"}],"curies":[{"name":"wp","href":"https:\/\/api.w.org\/{rel}","templated":true}]}}