{"id":194,"date":"2023-10-20T18:51:07","date_gmt":"2023-10-20T16:51:07","guid":{"rendered":"https:\/\/mazurskaprzyroda.pl\/?page_id=194"},"modified":"2025-10-21T09:31:40","modified_gmt":"2025-10-21T07:31:40","slug":"rejsy-ornitologiczne","status":"publish","type":"page","link":"https:\/\/mazurskaprzyroda.pl\/?page_id=194","title":{"rendered":"Rejsy ornitologiczne"},"content":{"rendered":"\n<p>Warsztaty ornitologiczne w formie rejsu statkiem po mazurskich jeziorach (Niegocin, Kisajno, Dargin) to wyj\u0105tkowa okazja do poznania bogactwa \u015bwiata ptak\u00f3w wodnych w naturalnym \u015brodowisku. Wydarzenie skierowane jest do dzieci w wieku 7\u201314 lat z gi\u017cyckich szk\u00f3\u0142 podstawowych oraz ich rodzic\u00f3w i opiekun\u00f3w, kt\u00f3rzy chc\u0105 wsp\u00f3lnie odkrywa\u0107 przyrod\u0119 regionu.<\/p>\n\n\n\n<p>Podczas kilkugodzinnego rejsu uczestnicy b\u0119d\u0105 mieli mo\u017cliwo\u015b\u0107 obserwowania ptak\u00f3w zamieszkuj\u0105cych jeziora, trzcinowiska i nadwodne zaro\u015bla, poznawania charakterystycznych gatunk\u00f3w, nauki rozpoznawania ptak\u00f3w po wygl\u0105dzie i g\u0142osach, a tak\u017ce korzystania z lornetek, lunet i innych przyrz\u0105d\u00f3w optycznych. Warsztaty obejmuj\u0105 r\u00f3wnie\u017c praktyczne zaj\u0119cia z podstaw fotografii przyrodniczej, w tym korzystania ze statyw\u00f3w i teleobiektyw\u00f3w.<\/p>\n\n\n\n<p><strong>To po\u0142\u0105czenie nauki, przygody i aktywnego sp\u0119dzania czasu na \u015bwie\u017cym powietrzu \u2013 idealne dla m\u0142odych mi\u0142o\u015bnik\u00f3w przyrody i ca\u0142ych rodzin.<\/strong><\/p>\n\n\n\n<figure class=\"wp-block-gallery has-nested-images columns-default is-cropped wp-block-gallery-1 is-layout-flex wp-block-gallery-is-layout-flex\">\n<figure class=\"wp-block-image size-large\"><img loading=\"lazy\" decoding=\"async\" width=\"1024\" height=\"683\" data-id=\"450\" src=\"https:\/\/mazurskaprzyroda.pl\/wp-content\/uploads\/2025\/10\/499932651_1532733554820640_3540709804887186887_n-1024x683.jpg\" alt=\"\" class=\"wp-image-450\" srcset=\"https:\/\/mazurskaprzyroda.pl\/wp-content\/uploads\/2025\/10\/499932651_1532733554820640_3540709804887186887_n-1024x683.jpg 1024w, https:\/\/mazurskaprzyroda.pl\/wp-content\/uploads\/2025\/10\/499932651_1532733554820640_3540709804887186887_n-300x200.jpg 300w, https:\/\/mazurskaprzyroda.pl\/wp-content\/uploads\/2025\/10\/499932651_1532733554820640_3540709804887186887_n-768x512.jpg 768w, https:\/\/mazurskaprzyroda.pl\/wp-content\/uploads\/2025\/10\/499932651_1532733554820640_3540709804887186887_n-1536x1024.jpg 1536w, https:\/\/mazurskaprzyroda.pl\/wp-content\/uploads\/2025\/10\/499932651_1532733554820640_3540709804887186887_n.jpg 2048w\" sizes=\"auto, (max-width: 767px) 89vw, (max-width: 1000px) 54vw, (max-width: 1071px) 543px, 580px\" \/><\/figure>\n<\/figure>\n\n\n\n<!--more-->\n","protected":false},"excerpt":{"rendered":"<p>Warsztaty ornitologiczne w formie rejsu statkiem po mazurskich jeziorach (Niegocin, Kisajno, Dargin) to wyj\u0105tkowa okazja do poznania bogactwa \u015bwiata ptak\u00f3w wodnych w naturalnym \u015brodowisku. Wydarzenie skierowane jest do dzieci w wieku 7\u201314 lat z gi\u017cyckich szk\u00f3\u0142 podstawowych oraz ich rodzic\u00f3w i opiekun\u00f3w, kt\u00f3rzy chc\u0105 wsp\u00f3lnie odkrywa\u0107 przyrod\u0119 regionu. Podczas kilkugodzinnego rejsu uczestnicy b\u0119d\u0105 mieli mo\u017cliwo\u015b\u0107 &hellip; <\/p>\n<p class=\"link-more\"><a href=\"https:\/\/mazurskaprzyroda.pl\/?page_id=194\" class=\"more-link\">Czytaj dalej<span class=\"screen-reader-text\"> \u201eRejsy ornitologiczne\u201d<\/span><\/a><\/p>\n","protected":false},"author":2,"featured_media":0,"parent":0,"menu_order":0,"comment_status":"closed","ping_status":"closed","template":"","meta":{"footnotes":""},"class_list":["post-194","page","type-page","status-publish","hentry"],"_links":{"self":[{"href":"https:\/\/mazurskaprzyroda.pl\/index.php?rest_route=\/wp\/v2\/pages\/194","targetHints":{"allow":["GET"]}}],"collection":[{"href":"https:\/\/mazurskaprzyroda.pl\/index.php?rest_route=\/wp\/v2\/pages"}],"about":[{"href":"https:\/\/mazurskaprzyroda.pl\/index.php?rest_route=\/wp\/v2\/types\/page"}],"author":[{"embeddable":true,"href":"https:\/\/mazurskaprzyroda.pl\/index.php?rest_route=\/wp\/v2\/users\/2"}],"replies":[{"embeddable":true,"href":"https:\/\/mazurskaprzyroda.pl\/index.php?rest_route=%2Fwp%2Fv2%2Fcomments&post=194"}],"version-history":[{"count":9,"href":"https:\/\/mazurskaprzyroda.pl\/index.php?rest_route=\/wp\/v2\/pages\/194\/revisions"}],"predecessor-version":[{"id":585,"href":"https:\/\/mazurskaprzyroda.pl\/index.php?rest_route=\/wp\/v2\/pages\/194\/revisions\/585"}],"wp:attachment":[{"href":"https:\/\/mazurskaprzyroda.pl\/index.php?rest_route=%2Fwp%2Fv2%2Fmedia&parent=194"}],"curies":[{"name":"wp","href":"https:\/\/api.w.org\/{rel}","templated":true}]}}