{"id":190,"date":"2023-10-20T18:51:05","date_gmt":"2023-10-20T16:51:05","guid":{"rendered":"https:\/\/mazurskaprzyroda.pl\/?page_id=190"},"modified":"2025-10-21T09:23:59","modified_gmt":"2025-10-21T07:23:59","slug":"mazurski-piknik-ornitologiczny","status":"publish","type":"page","link":"https:\/\/mazurskaprzyroda.pl\/?page_id=190","title":{"rendered":"Mazurski Piknik Ornitologiczny"},"content":{"rendered":"\n<p>Mazurski Piknik Ornitologiczny to wyj\u0105tkowe wydarzenie plenerowe, kt\u00f3re \u0142\u0105czy nauk\u0119, pasj\u0119 i bezpo\u015bredni kontakt z przyrod\u0105. G\u0142\u00f3wn\u0105 atrakcj\u0105 spotkania jest pokaz obr\u0105czkowania ptak\u00f3w prowadzony przez do\u015bwiadczonego ornitologa. Uczestnicy b\u0119d\u0105 mogli z bliska obserwowa\u0107 dziko \u017cyj\u0105ce ptaki, pozna\u0107 metody ich od\u0142owu oraz dowiedzie\u0107 si\u0119, na czym polega praca ornitologa w terenie.<\/p>\n\n\n\n<p>Podczas wydarzenia b\u0119dzie mo\u017cna porozmawia\u0107 ze specjalist\u0105 o r\u00f3\u017cnych gatunkach ptak\u00f3w, ich zwyczajach oraz o tym, jak w\u0142a\u015bciwie je dokarmia\u0107. To r\u00f3wnie\u017c doskona\u0142a okazja, by nauczy\u0107 si\u0119 rozpoznawania gatunk\u00f3w, okre\u015blania p\u0142ci i wieku ptak\u00f3w oraz poszerzy\u0107 swoj\u0105 wiedz\u0119 o \u015bwiecie przyrody.<\/p>\n\n\n\n<p>Na uczestnik\u00f3w czeka r\u00f3wnie\u017c cz\u0119\u015b\u0107 rekreacyjna \u2013 wsp\u00f3lne ognisko z pocz\u0119stunkiem oraz stanowisko z lunetami i lornetkami, umo\u017cliwiaj\u0105ce obserwacj\u0119 ptak\u00f3w w ich naturalnym \u015brodowisku.<\/p>\n\n\n\n<p><strong>Piknik Ornitologiczny to idealne po\u0142\u0105czenie edukacji i relaksu na \u015bwie\u017cym powietrzu \u2013 wydarzenie, kt\u00f3re zachwyci zar\u00f3wno mi\u0142o\u015bnik\u00f3w przyrody, jak i ca\u0142e rodziny.<\/strong><\/p>\n\n\n\n<figure class=\"wp-block-gallery has-nested-images columns-default is-cropped wp-block-gallery-1 is-layout-flex wp-block-gallery-is-layout-flex\">\n<figure class=\"wp-block-image size-large\"><img loading=\"lazy\" decoding=\"async\" width=\"1024\" height=\"683\" data-id=\"437\" src=\"https:\/\/mazurskaprzyroda.pl\/wp-content\/uploads\/2025\/10\/492555410_1506328550794474_9059248240421241199_n-1024x683.jpg\" alt=\"\" class=\"wp-image-437\" srcset=\"https:\/\/mazurskaprzyroda.pl\/wp-content\/uploads\/2025\/10\/492555410_1506328550794474_9059248240421241199_n-1024x683.jpg 1024w, https:\/\/mazurskaprzyroda.pl\/wp-content\/uploads\/2025\/10\/492555410_1506328550794474_9059248240421241199_n-300x200.jpg 300w, https:\/\/mazurskaprzyroda.pl\/wp-content\/uploads\/2025\/10\/492555410_1506328550794474_9059248240421241199_n-768x512.jpg 768w, https:\/\/mazurskaprzyroda.pl\/wp-content\/uploads\/2025\/10\/492555410_1506328550794474_9059248240421241199_n-1536x1024.jpg 1536w, https:\/\/mazurskaprzyroda.pl\/wp-content\/uploads\/2025\/10\/492555410_1506328550794474_9059248240421241199_n.jpg 2048w\" sizes=\"auto, (max-width: 767px) 89vw, (max-width: 1000px) 54vw, (max-width: 1071px) 543px, 580px\" \/><\/figure>\n<\/figure>\n","protected":false},"excerpt":{"rendered":"<p>Mazurski Piknik Ornitologiczny to wyj\u0105tkowe wydarzenie plenerowe, kt\u00f3re \u0142\u0105czy nauk\u0119, pasj\u0119 i bezpo\u015bredni kontakt z przyrod\u0105. G\u0142\u00f3wn\u0105 atrakcj\u0105 spotkania jest pokaz obr\u0105czkowania ptak\u00f3w prowadzony przez do\u015bwiadczonego ornitologa. Uczestnicy b\u0119d\u0105 mogli z bliska obserwowa\u0107 dziko \u017cyj\u0105ce ptaki, pozna\u0107 metody ich od\u0142owu oraz dowiedzie\u0107 si\u0119, na czym polega praca ornitologa w terenie. Podczas wydarzenia b\u0119dzie mo\u017cna porozmawia\u0107 &hellip; <\/p>\n<p class=\"link-more\"><a href=\"https:\/\/mazurskaprzyroda.pl\/?page_id=190\" class=\"more-link\">Czytaj dalej<span class=\"screen-reader-text\"> \u201eMazurski Piknik Ornitologiczny\u201d<\/span><\/a><\/p>\n","protected":false},"author":2,"featured_media":0,"parent":0,"menu_order":0,"comment_status":"closed","ping_status":"closed","template":"","meta":{"footnotes":""},"class_list":["post-190","page","type-page","status-publish","hentry"],"_links":{"self":[{"href":"https:\/\/mazurskaprzyroda.pl\/index.php?rest_route=\/wp\/v2\/pages\/190","targetHints":{"allow":["GET"]}}],"collection":[{"href":"https:\/\/mazurskaprzyroda.pl\/index.php?rest_route=\/wp\/v2\/pages"}],"about":[{"href":"https:\/\/mazurskaprzyroda.pl\/index.php?rest_route=\/wp\/v2\/types\/page"}],"author":[{"embeddable":true,"href":"https:\/\/mazurskaprzyroda.pl\/index.php?rest_route=\/wp\/v2\/users\/2"}],"replies":[{"embeddable":true,"href":"https:\/\/mazurskaprzyroda.pl\/index.php?rest_route=%2Fwp%2Fv2%2Fcomments&post=190"}],"version-history":[{"count":8,"href":"https:\/\/mazurskaprzyroda.pl\/index.php?rest_route=\/wp\/v2\/pages\/190\/revisions"}],"predecessor-version":[{"id":579,"href":"https:\/\/mazurskaprzyroda.pl\/index.php?rest_route=\/wp\/v2\/pages\/190\/revisions\/579"}],"wp:attachment":[{"href":"https:\/\/mazurskaprzyroda.pl\/index.php?rest_route=%2Fwp%2Fv2%2Fmedia&parent=190"}],"curies":[{"name":"wp","href":"https:\/\/api.w.org\/{rel}","templated":true}]}}