{"id":11,"date":"2023-05-08T21:49:39","date_gmt":"2023-05-08T19:49:39","guid":{"rendered":"https:\/\/mazurskaprzyroda.pl\/?page_id=11"},"modified":"2025-10-21T14:13:33","modified_gmt":"2025-10-21T12:13:33","slug":"kontakt","status":"publish","type":"page","link":"https:\/\/mazurskaprzyroda.pl\/?page_id=11","title":{"rendered":"Kontakt"},"content":{"rendered":"\n<p class=\"has-text-align-center has-white-color has-text-color has-link-color wp-elements-13ccf5b4b6c29c9d17d121846c1a0522\"><\/p>\n\n\n\n<p class=\"has-text-align-left\"><strong>Stowarzyszenie Mi\u0142o\u015bnik\u00f3w Mazurskiej Przyrody<\/strong><br>e-mail: mazurskaprzyroda@gmail.com<\/p>\n\n\n\n<hr class=\"wp-block-separator has-alpha-channel-opacity\"\/>\n\n\n\n<p class=\"has-text-align-center has-white-color has-vivid-cyan-blue-background-color has-text-color has-background has-link-color wp-elements-36816d29fafb9d64dd4f76729f12921f\"><strong>Obserwuj Nas:<\/strong><\/p>\n\n\n\n<p>Nasze profile w mediach spo\u0142eczno\u015bciowych pe\u0142ne s\u0105 ptasich ciekawostek. Znajdziesz tam naj\u015bwie\u017csze informacje o planowanych wydarzeniach oraz relacje z imprez przyrodniczych. <\/p>\n\n\n\n<div class=\"wp-block-buttons is-horizontal is-content-justification-center is-layout-flex wp-container-core-buttons-is-layout-ddb39544 wp-block-buttons-is-layout-flex\">\n<div class=\"wp-block-button is-style-outline is-style-outline--1\"><a class=\"wp-block-button__link wp-element-button\" href=\"https:\/\/www.facebook.com\/Masuriannature\">FB<\/a><\/div>\n\n\n\n<div class=\"wp-block-button is-style-outline is-style-outline--2\"><a class=\"wp-block-button__link wp-element-button\" href=\"https:\/\/www.instagram.com\/mazurskaprzyroda\/\">IG<\/a><\/div>\n\n\n\n<div class=\"wp-block-button is-style-outline is-style-outline--3\"><a class=\"wp-block-button__link wp-element-button\" href=\"http:\/\/www.youtube.com\/@Mazurskaprzyroda\">YT<\/a><\/div>\n\n\n\n<div class=\"wp-block-button is-style-outline is-style-outline--4\"><a class=\"wp-block-button__link wp-element-button\" href=\"https:\/\/www.linkedin.com\/posts\/stowarzyszenie-mi%C5%82o%C5%9Bnik%C3%B3w-mazurskiej-przyrody_activity-7045170362216591360-QSWZ\">IN<\/a><\/div>\n<\/div>\n\n\n\n<div class=\"wp-block-buttons is-content-justification-space-between is-layout-flex wp-container-core-buttons-is-layout-3d213aab wp-block-buttons-is-layout-flex\"><\/div>\n\n\n\n<p><\/p>\n","protected":false},"excerpt":{"rendered":"<p>Stowarzyszenie Mi\u0142o\u015bnik\u00f3w Mazurskiej Przyrodye-mail: mazurskaprzyroda@gmail.com Obserwuj Nas: Nasze profile w mediach spo\u0142eczno\u015bciowych pe\u0142ne s\u0105 ptasich ciekawostek. Znajdziesz tam naj\u015bwie\u017csze informacje o planowanych wydarzeniach oraz relacje z imprez przyrodniczych.<\/p>\n","protected":false},"author":1,"featured_media":0,"parent":0,"menu_order":4,"comment_status":"closed","ping_status":"closed","template":"","meta":{"footnotes":""},"class_list":["post-11","page","type-page","status-publish","hentry"],"_links":{"self":[{"href":"https:\/\/mazurskaprzyroda.pl\/index.php?rest_route=\/wp\/v2\/pages\/11","targetHints":{"allow":["GET"]}}],"collection":[{"href":"https:\/\/mazurskaprzyroda.pl\/index.php?rest_route=\/wp\/v2\/pages"}],"about":[{"href":"https:\/\/mazurskaprzyroda.pl\/index.php?rest_route=\/wp\/v2\/types\/page"}],"author":[{"embeddable":true,"href":"https:\/\/mazurskaprzyroda.pl\/index.php?rest_route=\/wp\/v2\/users\/1"}],"replies":[{"embeddable":true,"href":"https:\/\/mazurskaprzyroda.pl\/index.php?rest_route=%2Fwp%2Fv2%2Fcomments&post=11"}],"version-history":[{"count":20,"href":"https:\/\/mazurskaprzyroda.pl\/index.php?rest_route=\/wp\/v2\/pages\/11\/revisions"}],"predecessor-version":[{"id":664,"href":"https:\/\/mazurskaprzyroda.pl\/index.php?rest_route=\/wp\/v2\/pages\/11\/revisions\/664"}],"wp:attachment":[{"href":"https:\/\/mazurskaprzyroda.pl\/index.php?rest_route=%2Fwp%2Fv2%2Fmedia&parent=11"}],"curies":[{"name":"wp","href":"https:\/\/api.w.org\/{rel}","templated":true}]}}